{"id":1212,"date":"2025-10-20T07:23:17","date_gmt":"2025-10-20T07:23:17","guid":{"rendered":"https:\/\/unnikarehabilitacion.es\/?page_id=1212"},"modified":"2025-10-27T08:26:50","modified_gmt":"2025-10-27T08:26:50","slug":"contacto-copia","status":"publish","type":"page","link":"https:\/\/unnikarehabilitacion.es\/?page_id=1212","title":{"rendered":"Contacto &#8211; Copia"},"content":{"rendered":"\t\t<div data-elementor-type=\"wp-page\" data-elementor-id=\"1212\" class=\"elementor elementor-1212\" data-elementor-post-type=\"page\">\n\t\t\t\t<div class=\"elementor-element elementor-element-082208e e-con-full e-flex e-con e-parent\" data-id=\"082208e\" data-element_type=\"container\" data-settings=\"{&quot;background_background&quot;:&quot;classic&quot;}\">\n\t\t<div class=\"elementor-element elementor-element-70edc47 e-con-full e-flex e-con e-child\" data-id=\"70edc47\" data-element_type=\"container\">\n\t\t\t\t<\/div>\n\t\t<div class=\"elementor-element elementor-element-3c4ff08 e-con-full e-flex e-con e-child\" data-id=\"3c4ff08\" data-element_type=\"container\">\n\t\t\t\t<\/div>\n\t\t<div class=\"elementor-element elementor-element-a237aae e-con-full e-flex e-con e-child\" data-id=\"a237aae\" data-element_type=\"container\">\n\t\t\t\t<div class=\"elementor-element elementor-element-e7e2162 elementor-view-default elementor-widget elementor-widget-icon\" data-id=\"e7e2162\" data-element_type=\"widget\" data-widget_type=\"icon.default\">\n\t\t\t\t<div class=\"elementor-widget-container\">\n\t\t\t\t\t\t\t<div class=\"elementor-icon-wrapper\">\n\t\t\t<a class=\"elementor-icon elementor-animation-shrink\" href=\"#contacto\">\n\t\t\t<svg aria-hidden=\"true\" class=\"e-font-icon-svg e-fas-chevron-down\" viewBox=\"0 0 448 512\" xmlns=\"http:\/\/www.w3.org\/2000\/svg\"><path d=\"M207.029 381.476L12.686 187.132c-9.373-9.373-9.373-24.569 0-33.941l22.667-22.667c9.357-9.357 24.522-9.375 33.901-.04L224 284.505l154.745-154.021c9.379-9.335 24.544-9.317 33.901.04l22.667 22.667c9.373 9.373 9.373 24.569 0 33.941L240.971 381.476c-9.373 9.372-24.569 9.372-33.942 0z\"><\/path><\/svg>\t\t\t<\/a>\n\t\t<\/div>\n\t\t\t\t\t\t<\/div>\n\t\t\t\t<\/div>\n\t\t\t\t<\/div>\n\t\t\t\t<\/div>\n\t\t<div class=\"elementor-element elementor-element-11a14f3 e-con-full e-flex e-con e-parent\" data-id=\"11a14f3\" data-element_type=\"container\" id=\"contacto\">\n\t\t<div class=\"elementor-element elementor-element-aec393d e-flex e-con-boxed e-con e-child\" data-id=\"aec393d\" data-element_type=\"container\" data-settings=\"{&quot;background_background&quot;:&quot;classic&quot;}\">\n\t\t\t\t\t<div class=\"e-con-inner\">\n\t\t<div class=\"elementor-element elementor-element-4ef13d8 e-con-full e-flex e-con e-child\" data-id=\"4ef13d8\" data-element_type=\"container\">\n\t\t\t\t<div class=\"elementor-element elementor-element-ef232bc elementor-widget elementor-widget-spacer\" data-id=\"ef232bc\" data-element_type=\"widget\" data-widget_type=\"spacer.default\">\n\t\t\t\t<div class=\"elementor-widget-container\">\n\t\t\t\t\t\t\t<div class=\"elementor-spacer\">\n\t\t\t<div class=\"elementor-spacer-inner\"><\/div>\n\t\t<\/div>\n\t\t\t\t\t\t<\/div>\n\t\t\t\t<\/div>\n\t\t\t\t<div class=\"elementor-element elementor-element-ddf1800 elementor-invisible elementor-widget elementor-widget-image\" data-id=\"ddf1800\" data-element_type=\"widget\" data-settings=\"{&quot;_animation&quot;:&quot;fadeInUp&quot;}\" data-widget_type=\"image.default\">\n\t\t\t\t<div class=\"elementor-widget-container\">\n\t\t\t\t\t\t\t\t\t\t\t\t\t\t\t<img fetchpriority=\"high\" decoding=\"async\" width=\"800\" height=\"800\" src=\"https:\/\/unnikarehabilitacion.es\/wp-content\/uploads\/2025\/10\/Isotipo-Naranja.png\" class=\"attachment-large size-large wp-image-1189\" alt=\"\" srcset=\"https:\/\/unnikarehabilitacion.es\/wp-content\/uploads\/2025\/10\/Isotipo-Naranja.png 959w, https:\/\/unnikarehabilitacion.es\/wp-content\/uploads\/2025\/10\/Isotipo-Naranja-300x300.png 300w, https:\/\/unnikarehabilitacion.es\/wp-content\/uploads\/2025\/10\/Isotipo-Naranja-150x150.png 150w, https:\/\/unnikarehabilitacion.es\/wp-content\/uploads\/2025\/10\/Isotipo-Naranja-768x768.png 768w\" sizes=\"(max-width: 800px) 100vw, 800px\" \/>\t\t\t\t\t\t\t\t\t\t\t\t\t\t\t<\/div>\n\t\t\t\t<\/div>\n\t\t\t\t<div class=\"elementor-element elementor-element-414f53c elementor-widget elementor-widget-spacer\" data-id=\"414f53c\" data-element_type=\"widget\" data-widget_type=\"spacer.default\">\n\t\t\t\t<div class=\"elementor-widget-container\">\n\t\t\t\t\t\t\t<div class=\"elementor-spacer\">\n\t\t\t<div class=\"elementor-spacer-inner\"><\/div>\n\t\t<\/div>\n\t\t\t\t\t\t<\/div>\n\t\t\t\t<\/div>\n\t\t\t\t<div class=\"elementor-element elementor-element-457cf6c elementor-widget-divider--view-line elementor-widget elementor-widget-divider\" data-id=\"457cf6c\" data-element_type=\"widget\" data-widget_type=\"divider.default\">\n\t\t\t\t<div class=\"elementor-widget-container\">\n\t\t\t\t\t\t\t<div class=\"elementor-divider\">\n\t\t\t<span class=\"elementor-divider-separator\">\n\t\t\t\t\t\t<\/span>\n\t\t<\/div>\n\t\t\t\t\t\t<\/div>\n\t\t\t\t<\/div>\n\t\t\t\t<div class=\"elementor-element elementor-element-5a06efd animated-slow elementor-invisible elementor-widget elementor-widget-heading\" data-id=\"5a06efd\" data-element_type=\"widget\" data-settings=\"{&quot;_animation&quot;:&quot;fadeInDown&quot;}\" data-widget_type=\"heading.default\">\n\t\t\t\t<div class=\"elementor-widget-container\">\n\t\t\t\t\t<h2 class=\"elementor-heading-title elementor-size-default\">\u00bfHablamos? <br>Estamos aqu\u00ed para ayudarte\n<\/h2>\t\t\t\t<\/div>\n\t\t\t\t<\/div>\n\t\t\t\t<div class=\"elementor-element elementor-element-2776cb1 elementor-widget-divider--view-line elementor-widget elementor-widget-divider\" data-id=\"2776cb1\" data-element_type=\"widget\" data-widget_type=\"divider.default\">\n\t\t\t\t<div class=\"elementor-widget-container\">\n\t\t\t\t\t\t\t<div class=\"elementor-divider\">\n\t\t\t<span class=\"elementor-divider-separator\">\n\t\t\t\t\t\t<\/span>\n\t\t<\/div>\n\t\t\t\t\t\t<\/div>\n\t\t\t\t<\/div>\n\t\t\t\t<div class=\"elementor-element elementor-element-993bb11 elementor-widget elementor-widget-text-editor\" data-id=\"993bb11\" data-element_type=\"widget\" data-widget_type=\"text-editor.default\">\n\t\t\t\t<div class=\"elementor-widget-container\">\n\t\t\t\t\t\t\t\t\t<p data-start=\"277\" data-end=\"536\">En Unnika <strong>estamos a tu disposici\u00f3n para resolver cualquier duda<\/strong>, asesorarte en tu proyecto o empezar a construir juntos. Rellena el formulario, ll\u00e1manos o escr\u00edbenos por correo: te responderemos lo antes posible con la <strong>atenci\u00f3n y cercan\u00eda que nos caracteriza.<\/strong><\/p>\t\t\t\t\t\t\t\t<\/div>\n\t\t\t\t<\/div>\n\t\t\t\t<div class=\"elementor-element elementor-element-e7e41eb elementor-widget elementor-widget-spacer\" data-id=\"e7e41eb\" data-element_type=\"widget\" data-widget_type=\"spacer.default\">\n\t\t\t\t<div class=\"elementor-widget-container\">\n\t\t\t\t\t\t\t<div class=\"elementor-spacer\">\n\t\t\t<div class=\"elementor-spacer-inner\"><\/div>\n\t\t<\/div>\n\t\t\t\t\t\t<\/div>\n\t\t\t\t<\/div>\n\t\t\t\t<\/div>\n\t\t\t\t\t<\/div>\n\t\t\t\t<\/div>\n\t\t<div class=\"elementor-element elementor-element-911fcec e-flex e-con-boxed e-con e-child\" data-id=\"911fcec\" data-element_type=\"container\">\n\t\t\t\t\t<div class=\"e-con-inner\">\n\t\t<div class=\"elementor-element elementor-element-cfb03fd e-con-full e-flex e-con e-child\" data-id=\"cfb03fd\" data-element_type=\"container\">\n\t\t\t\t<div class=\"elementor-element elementor-element-6176e62 elementor-widget elementor-widget-spacer\" data-id=\"6176e62\" data-element_type=\"widget\" data-widget_type=\"spacer.default\">\n\t\t\t\t<div class=\"elementor-widget-container\">\n\t\t\t\t\t\t\t<div class=\"elementor-spacer\">\n\t\t\t<div class=\"elementor-spacer-inner\"><\/div>\n\t\t<\/div>\n\t\t\t\t\t\t<\/div>\n\t\t\t\t<\/div>\n\t\t\t\t<div class=\"elementor-element elementor-element-36061c0 animated-slow elementor-invisible elementor-widget elementor-widget-heading\" data-id=\"36061c0\" data-element_type=\"widget\" data-settings=\"{&quot;_animation&quot;:&quot;fadeInDown&quot;}\" data-widget_type=\"heading.default\">\n\t\t\t\t<div class=\"elementor-widget-container\">\n\t\t\t\t\t<h2 class=\"elementor-heading-title elementor-size-default\">Formulario de Contacto\n\n<\/h2>\t\t\t\t<\/div>\n\t\t\t\t<\/div>\n\t\t\t\t<div class=\"elementor-element elementor-element-3676dcc elementor-widget elementor-widget-text-editor\" data-id=\"3676dcc\" data-element_type=\"widget\" data-widget_type=\"text-editor.default\">\n\t\t\t\t<div class=\"elementor-widget-container\">\n\t\t\t\t\t\t\t\t\t<p>Si tienes alguna consulta sobre nuestros productos o necesitas m\u00e1s informaci\u00f3n, completa el formulario y nuestro equipo se pondr\u00e1 en contacto contigo r\u00e1pidamente.<\/p><p><strong>\u00a1Estamos aqu\u00ed para ayudarte!<\/strong><\/p>\t\t\t\t\t\t\t\t<\/div>\n\t\t\t\t<\/div>\n\t\t\t\t<div class=\"elementor-element elementor-element-6671857 elementor-button-align-start elementor-widget elementor-widget-form\" data-id=\"6671857\" data-element_type=\"widget\" data-settings=\"{&quot;step_next_label&quot;:&quot;Siguiente&quot;,&quot;step_previous_label&quot;:&quot;Anterior&quot;,&quot;button_width&quot;:&quot;100&quot;,&quot;step_type&quot;:&quot;number_text&quot;,&quot;step_icon_shape&quot;:&quot;circle&quot;}\" data-widget_type=\"form.default\">\n\t\t\t\t<div class=\"elementor-widget-container\">\n\t\t\t\t\t\t\t<form class=\"elementor-form\" method=\"post\" name=\"Nuevo formulario\">\n\t\t\t<input type=\"hidden\" name=\"post_id\" value=\"1212\"\/>\n\t\t\t<input type=\"hidden\" name=\"form_id\" value=\"6671857\"\/>\n\t\t\t<input type=\"hidden\" name=\"referer_title\" value=\"Contacto - Copia - Unnika Rehabilitaci\u00f3n\" \/>\n\n\t\t\t\t\t\t\t<input type=\"hidden\" name=\"queried_id\" value=\"1212\"\/>\n\t\t\t\n\t\t\t<div class=\"elementor-form-fields-wrapper elementor-labels-above\">\n\t\t\t\t\t\t\t\t<div class=\"elementor-field-type-text elementor-field-group elementor-column elementor-field-group-name elementor-col-100\">\n\t\t\t\t\t\t\t\t\t\t\t\t<label for=\"form-field-name\" class=\"elementor-field-label\">\n\t\t\t\t\t\t\t\tNombre\t\t\t\t\t\t\t<\/label>\n\t\t\t\t\t\t\t\t\t\t\t\t\t\t<input size=\"1\" type=\"text\" name=\"form_fields[name]\" id=\"form-field-name\" class=\"elementor-field elementor-size-sm  elementor-field-textual\">\n\t\t\t\t\t\t\t\t\t\t\t<\/div>\n\t\t\t\t\t\t\t\t<div class=\"elementor-field-type-email elementor-field-group elementor-column elementor-field-group-email elementor-col-100 elementor-field-required\">\n\t\t\t\t\t\t\t\t\t\t\t\t<label for=\"form-field-email\" class=\"elementor-field-label\">\n\t\t\t\t\t\t\t\tCorreo electr\u00f3nico\t\t\t\t\t\t\t<\/label>\n\t\t\t\t\t\t\t\t\t\t\t\t\t\t<input size=\"1\" type=\"email\" name=\"form_fields[email]\" id=\"form-field-email\" class=\"elementor-field elementor-size-sm  elementor-field-textual\" required=\"required\">\n\t\t\t\t\t\t\t\t\t\t\t<\/div>\n\t\t\t\t\t\t\t\t<div class=\"elementor-field-type-textarea elementor-field-group elementor-column elementor-field-group-message elementor-col-100\">\n\t\t\t\t\t\t\t\t\t\t\t\t<label for=\"form-field-message\" class=\"elementor-field-label\">\n\t\t\t\t\t\t\t\tMensaje\t\t\t\t\t\t\t<\/label>\n\t\t\t\t\t\t<textarea class=\"elementor-field-textual elementor-field  elementor-size-sm\" name=\"form_fields[message]\" id=\"form-field-message\" rows=\"4\"><\/textarea>\t\t\t\t<\/div>\n\t\t\t\t\t\t\t\t<div class=\"elementor-field-type-acceptance elementor-field-group elementor-column elementor-field-group-field_0df552b elementor-col-100 elementor-field-required\">\n\t\t\t\t\t\t\t<div class=\"elementor-field-subgroup\">\n\t\t\t<span class=\"elementor-field-option\">\n\t\t\t\t<input type=\"checkbox\" name=\"form_fields[field_0df552b]\" id=\"form-field-field_0df552b\" class=\"elementor-field elementor-size-sm  elementor-acceptance-field\" required=\"required\">\n\t\t\t\t<label for=\"form-field-field_0df552b\">He le\u00eddo y acepto el <a href=\"https:\/\/unnikarehabilitacion.es\/?page_id=632\" style=\"color:#2d3a1b; font-weight: bold\">aviso legal<\/a> y la <a href=\"https:\/\/unnikarehabilitacion.es\/?page_id=634\" style=\"color:#2d3a1b; font-weight: bold\">pol\u00edtica de privacidad<\/a><\/label>\t\t\t<\/span>\n\t\t<\/div>\n\t\t\t\t\t\t<\/div>\n\t\t\t\t\t\t\t\t<div class=\"elementor-field-group elementor-column elementor-field-type-submit elementor-col-100 e-form__buttons\">\n\t\t\t\t\t<button class=\"elementor-button elementor-size-sm\" type=\"submit\">\n\t\t\t\t\t\t<span class=\"elementor-button-content-wrapper\">\n\t\t\t\t\t\t\t\t\t\t\t\t\t\t\t\t\t\t\t\t\t\t<span class=\"elementor-button-text\">Enviar<\/span>\n\t\t\t\t\t\t\t\t\t\t\t\t\t<\/span>\n\t\t\t\t\t<\/button>\n\t\t\t\t<\/div>\n\t\t\t<\/div>\n\t\t<\/form>\n\t\t\t\t\t\t<\/div>\n\t\t\t\t<\/div>\n\t\t\t\t<div class=\"elementor-element elementor-element-111c10e elementor-widget elementor-widget-spacer\" data-id=\"111c10e\" data-element_type=\"widget\" data-widget_type=\"spacer.default\">\n\t\t\t\t<div class=\"elementor-widget-container\">\n\t\t\t\t\t\t\t<div class=\"elementor-spacer\">\n\t\t\t<div class=\"elementor-spacer-inner\"><\/div>\n\t\t<\/div>\n\t\t\t\t\t\t<\/div>\n\t\t\t\t<\/div>\n\t\t\t\t<\/div>\n\t\t\t\t\t<\/div>\n\t\t\t\t<\/div>\n\t\t\t\t<\/div>\n\t\t\t\t<\/div>\n\t\t","protected":false},"excerpt":{"rendered":"<p>\u00bfHablamos? Estamos aqu\u00ed para ayudarte En Unnika estamos a tu disposici\u00f3n para resolver cualquier duda, asesorarte en tu proyecto o empezar a construir juntos. Rellena el formulario, ll\u00e1manos o escr\u00edbenos por correo: te responderemos lo antes posible con la atenci\u00f3n y cercan\u00eda que nos caracteriza. Formulario de Contacto Si tienes alguna consulta sobre nuestros productos [&hellip;]<\/p>\n","protected":false},"author":1,"featured_media":0,"parent":0,"menu_order":0,"comment_status":"closed","ping_status":"closed","template":"elementor_theme","meta":{"footnotes":""},"class_list":["post-1212","page","type-page","status-publish","hentry"],"yoast_head":"<!-- This site is optimized with the Yoast SEO plugin v25.3 - https:\/\/yoast.com\/wordpress\/plugins\/seo\/ -->\n<title>Contacto - Copia - Unnika Rehabilitaci\u00f3n<\/title>\n<meta name=\"robots\" content=\"index, follow, max-snippet:-1, max-image-preview:large, max-video-preview:-1\" \/>\n<link rel=\"canonical\" href=\"https:\/\/unnikarehabilitacion.es\/?page_id=1212\" \/>\n<meta property=\"og:locale\" content=\"es_ES\" \/>\n<meta property=\"og:type\" content=\"article\" \/>\n<meta property=\"og:title\" content=\"Contacto - Copia - Unnika Rehabilitaci\u00f3n\" \/>\n<meta property=\"og:description\" content=\"\u00bfHablamos? Estamos aqu\u00ed para ayudarte En Unnika estamos a tu disposici\u00f3n para resolver cualquier duda, asesorarte en tu proyecto o empezar a construir juntos. Rellena el formulario, ll\u00e1manos o escr\u00edbenos por correo: te responderemos lo antes posible con la atenci\u00f3n y cercan\u00eda que nos caracteriza. Formulario de Contacto Si tienes alguna consulta sobre nuestros productos [&hellip;]\" \/>\n<meta property=\"og:url\" content=\"https:\/\/unnikarehabilitacion.es\/?page_id=1212\" \/>\n<meta property=\"og:site_name\" content=\"Unnika Rehabilitaci\u00f3n\" \/>\n<meta property=\"article:modified_time\" content=\"2025-10-27T08:26:50+00:00\" \/>\n<meta property=\"og:image\" content=\"https:\/\/unnikarehabilitacion.es\/wp-content\/uploads\/2025\/10\/Isotipo-Naranja.png\" \/>\n\t<meta property=\"og:image:width\" content=\"959\" \/>\n\t<meta property=\"og:image:height\" content=\"959\" \/>\n\t<meta property=\"og:image:type\" content=\"image\/png\" \/>\n<meta name=\"twitter:card\" content=\"summary_large_image\" \/>\n<meta name=\"twitter:label1\" content=\"Tiempo de lectura\" \/>\n\t<meta name=\"twitter:data1\" content=\"1 minuto\" \/>\n<script type=\"application\/ld+json\" class=\"yoast-schema-graph\">{\"@context\":\"https:\/\/schema.org\",\"@graph\":[{\"@type\":\"WebPage\",\"@id\":\"https:\/\/unnikarehabilitacion.es\/?page_id=1212\",\"url\":\"https:\/\/unnikarehabilitacion.es\/?page_id=1212\",\"name\":\"Contacto - Copia - Unnika Rehabilitaci\u00f3n\",\"isPartOf\":{\"@id\":\"https:\/\/unnikarehabilitacion.es\/#website\"},\"primaryImageOfPage\":{\"@id\":\"https:\/\/unnikarehabilitacion.es\/?page_id=1212#primaryimage\"},\"image\":{\"@id\":\"https:\/\/unnikarehabilitacion.es\/?page_id=1212#primaryimage\"},\"thumbnailUrl\":\"https:\/\/unnikarehabilitacion.es\/wp-content\/uploads\/2025\/10\/Isotipo-Naranja.png\",\"datePublished\":\"2025-10-20T07:23:17+00:00\",\"dateModified\":\"2025-10-27T08:26:50+00:00\",\"breadcrumb\":{\"@id\":\"https:\/\/unnikarehabilitacion.es\/?page_id=1212#breadcrumb\"},\"inLanguage\":\"es\",\"potentialAction\":[{\"@type\":\"ReadAction\",\"target\":[\"https:\/\/unnikarehabilitacion.es\/?page_id=1212\"]}]},{\"@type\":\"ImageObject\",\"inLanguage\":\"es\",\"@id\":\"https:\/\/unnikarehabilitacion.es\/?page_id=1212#primaryimage\",\"url\":\"https:\/\/unnikarehabilitacion.es\/wp-content\/uploads\/2025\/10\/Isotipo-Naranja.png\",\"contentUrl\":\"https:\/\/unnikarehabilitacion.es\/wp-content\/uploads\/2025\/10\/Isotipo-Naranja.png\",\"width\":959,\"height\":959},{\"@type\":\"BreadcrumbList\",\"@id\":\"https:\/\/unnikarehabilitacion.es\/?page_id=1212#breadcrumb\",\"itemListElement\":[{\"@type\":\"ListItem\",\"position\":1,\"name\":\"Portada\",\"item\":\"https:\/\/unnikarehabilitacion.es\/\"},{\"@type\":\"ListItem\",\"position\":2,\"name\":\"Contacto &#8211; Copia\"}]},{\"@type\":\"WebSite\",\"@id\":\"https:\/\/unnikarehabilitacion.es\/#website\",\"url\":\"https:\/\/unnikarehabilitacion.es\/\",\"name\":\"Unnika Rehabilitaci\u00f3n\",\"description\":\"\",\"potentialAction\":[{\"@type\":\"SearchAction\",\"target\":{\"@type\":\"EntryPoint\",\"urlTemplate\":\"https:\/\/unnikarehabilitacion.es\/?s={search_term_string}\"},\"query-input\":{\"@type\":\"PropertyValueSpecification\",\"valueRequired\":true,\"valueName\":\"search_term_string\"}}],\"inLanguage\":\"es\"}]}<\/script>\n<!-- \/ Yoast SEO plugin. -->","yoast_head_json":{"title":"Contacto - Copia - Unnika Rehabilitaci\u00f3n","robots":{"index":"index","follow":"follow","max-snippet":"max-snippet:-1","max-image-preview":"max-image-preview:large","max-video-preview":"max-video-preview:-1"},"canonical":"https:\/\/unnikarehabilitacion.es\/?page_id=1212","og_locale":"es_ES","og_type":"article","og_title":"Contacto - Copia - Unnika Rehabilitaci\u00f3n","og_description":"\u00bfHablamos? Estamos aqu\u00ed para ayudarte En Unnika estamos a tu disposici\u00f3n para resolver cualquier duda, asesorarte en tu proyecto o empezar a construir juntos. Rellena el formulario, ll\u00e1manos o escr\u00edbenos por correo: te responderemos lo antes posible con la atenci\u00f3n y cercan\u00eda que nos caracteriza. Formulario de Contacto Si tienes alguna consulta sobre nuestros productos [&hellip;]","og_url":"https:\/\/unnikarehabilitacion.es\/?page_id=1212","og_site_name":"Unnika Rehabilitaci\u00f3n","article_modified_time":"2025-10-27T08:26:50+00:00","og_image":[{"width":959,"height":959,"url":"https:\/\/unnikarehabilitacion.es\/wp-content\/uploads\/2025\/10\/Isotipo-Naranja.png","type":"image\/png"}],"twitter_card":"summary_large_image","twitter_misc":{"Tiempo de lectura":"1 minuto"},"schema":{"@context":"https:\/\/schema.org","@graph":[{"@type":"WebPage","@id":"https:\/\/unnikarehabilitacion.es\/?page_id=1212","url":"https:\/\/unnikarehabilitacion.es\/?page_id=1212","name":"Contacto - Copia - Unnika Rehabilitaci\u00f3n","isPartOf":{"@id":"https:\/\/unnikarehabilitacion.es\/#website"},"primaryImageOfPage":{"@id":"https:\/\/unnikarehabilitacion.es\/?page_id=1212#primaryimage"},"image":{"@id":"https:\/\/unnikarehabilitacion.es\/?page_id=1212#primaryimage"},"thumbnailUrl":"https:\/\/unnikarehabilitacion.es\/wp-content\/uploads\/2025\/10\/Isotipo-Naranja.png","datePublished":"2025-10-20T07:23:17+00:00","dateModified":"2025-10-27T08:26:50+00:00","breadcrumb":{"@id":"https:\/\/unnikarehabilitacion.es\/?page_id=1212#breadcrumb"},"inLanguage":"es","potentialAction":[{"@type":"ReadAction","target":["https:\/\/unnikarehabilitacion.es\/?page_id=1212"]}]},{"@type":"ImageObject","inLanguage":"es","@id":"https:\/\/unnikarehabilitacion.es\/?page_id=1212#primaryimage","url":"https:\/\/unnikarehabilitacion.es\/wp-content\/uploads\/2025\/10\/Isotipo-Naranja.png","contentUrl":"https:\/\/unnikarehabilitacion.es\/wp-content\/uploads\/2025\/10\/Isotipo-Naranja.png","width":959,"height":959},{"@type":"BreadcrumbList","@id":"https:\/\/unnikarehabilitacion.es\/?page_id=1212#breadcrumb","itemListElement":[{"@type":"ListItem","position":1,"name":"Portada","item":"https:\/\/unnikarehabilitacion.es\/"},{"@type":"ListItem","position":2,"name":"Contacto &#8211; Copia"}]},{"@type":"WebSite","@id":"https:\/\/unnikarehabilitacion.es\/#website","url":"https:\/\/unnikarehabilitacion.es\/","name":"Unnika Rehabilitaci\u00f3n","description":"","potentialAction":[{"@type":"SearchAction","target":{"@type":"EntryPoint","urlTemplate":"https:\/\/unnikarehabilitacion.es\/?s={search_term_string}"},"query-input":{"@type":"PropertyValueSpecification","valueRequired":true,"valueName":"search_term_string"}}],"inLanguage":"es"}]}},"_links":{"self":[{"href":"https:\/\/unnikarehabilitacion.es\/index.php?rest_route=\/wp\/v2\/pages\/1212","targetHints":{"allow":["GET"]}}],"collection":[{"href":"https:\/\/unnikarehabilitacion.es\/index.php?rest_route=\/wp\/v2\/pages"}],"about":[{"href":"https:\/\/unnikarehabilitacion.es\/index.php?rest_route=\/wp\/v2\/types\/page"}],"author":[{"embeddable":true,"href":"https:\/\/unnikarehabilitacion.es\/index.php?rest_route=\/wp\/v2\/users\/1"}],"replies":[{"embeddable":true,"href":"https:\/\/unnikarehabilitacion.es\/index.php?rest_route=%2Fwp%2Fv2%2Fcomments&post=1212"}],"version-history":[{"count":37,"href":"https:\/\/unnikarehabilitacion.es\/index.php?rest_route=\/wp\/v2\/pages\/1212\/revisions"}],"predecessor-version":[{"id":1334,"href":"https:\/\/unnikarehabilitacion.es\/index.php?rest_route=\/wp\/v2\/pages\/1212\/revisions\/1334"}],"wp:attachment":[{"href":"https:\/\/unnikarehabilitacion.es\/index.php?rest_route=%2Fwp%2Fv2%2Fmedia&parent=1212"}],"curies":[{"name":"wp","href":"https:\/\/api.w.org\/{rel}","templated":true}]}}