{"id":632,"date":"2025-06-18T22:04:49","date_gmt":"2025-06-18T22:04:49","guid":{"rendered":"https:\/\/unnikarehabilitacion.es\/?page_id=632"},"modified":"2025-07-10T07:47:40","modified_gmt":"2025-07-10T07:47:40","slug":"aviso-legal","status":"publish","type":"page","link":"https:\/\/unnikarehabilitacion.es\/?page_id=632","title":{"rendered":"Aviso legal"},"content":{"rendered":"\t\t<div data-elementor-type=\"wp-page\" data-elementor-id=\"632\" class=\"elementor elementor-632\" data-elementor-post-type=\"page\">\n\t\t\t\t<div class=\"elementor-element elementor-element-c12774b e-flex e-con-boxed e-con e-parent\" data-id=\"c12774b\" data-element_type=\"container\" data-settings=\"{&quot;background_background&quot;:&quot;classic&quot;}\">\n\t\t\t\t\t<div class=\"e-con-inner\">\n\t\t<div class=\"elementor-element elementor-element-a4be4be e-con-full e-flex e-con e-child\" data-id=\"a4be4be\" data-element_type=\"container\">\n\t\t\t\t<div class=\"elementor-element elementor-element-841c11c elementor-widget elementor-widget-spacer\" data-id=\"841c11c\" data-element_type=\"widget\" data-widget_type=\"spacer.default\">\n\t\t\t\t<div class=\"elementor-widget-container\">\n\t\t\t\t\t\t\t<div class=\"elementor-spacer\">\n\t\t\t<div class=\"elementor-spacer-inner\"><\/div>\n\t\t<\/div>\n\t\t\t\t\t\t<\/div>\n\t\t\t\t<\/div>\n\t\t\t\t<\/div>\n\t\t<div class=\"elementor-element elementor-element-9861757 e-flex e-con-boxed e-con e-child\" data-id=\"9861757\" data-element_type=\"container\">\n\t\t\t\t\t<div class=\"e-con-inner\">\n\t\t\t\t<div class=\"elementor-element elementor-element-f14fcdd elementor-invisible elementor-widget elementor-widget-image\" data-id=\"f14fcdd\" data-element_type=\"widget\" data-settings=\"{&quot;_animation&quot;:&quot;fadeInUp&quot;}\" data-widget_type=\"image.default\">\n\t\t\t\t<div class=\"elementor-widget-container\">\n\t\t\t\t\t\t\t\t\t\t\t\t\t\t\t<img fetchpriority=\"high\" decoding=\"async\" width=\"800\" height=\"800\" src=\"https:\/\/unnikarehabilitacion.es\/wp-content\/uploads\/2025\/06\/Marca-2.png\" class=\"attachment-large size-large wp-image-306\" alt=\"\" srcset=\"https:\/\/unnikarehabilitacion.es\/wp-content\/uploads\/2025\/06\/Marca-2.png 959w, https:\/\/unnikarehabilitacion.es\/wp-content\/uploads\/2025\/06\/Marca-2-300x300.png 300w, https:\/\/unnikarehabilitacion.es\/wp-content\/uploads\/2025\/06\/Marca-2-150x150.png 150w, https:\/\/unnikarehabilitacion.es\/wp-content\/uploads\/2025\/06\/Marca-2-768x768.png 768w\" sizes=\"(max-width: 800px) 100vw, 800px\" \/>\t\t\t\t\t\t\t\t\t\t\t\t\t\t\t<\/div>\n\t\t\t\t<\/div>\n\t\t\t\t<div class=\"elementor-element elementor-element-87422dd elementor-widget-divider--view-line elementor-widget elementor-widget-divider\" data-id=\"87422dd\" data-element_type=\"widget\" data-widget_type=\"divider.default\">\n\t\t\t\t<div class=\"elementor-widget-container\">\n\t\t\t\t\t\t\t<div class=\"elementor-divider\">\n\t\t\t<span class=\"elementor-divider-separator\">\n\t\t\t\t\t\t<\/span>\n\t\t<\/div>\n\t\t\t\t\t\t<\/div>\n\t\t\t\t<\/div>\n\t\t\t\t<div class=\"elementor-element elementor-element-5d17d05 elementor-invisible elementor-widget elementor-widget-heading\" data-id=\"5d17d05\" data-element_type=\"widget\" data-settings=\"{&quot;_animation&quot;:&quot;fadeInDown&quot;}\" data-widget_type=\"heading.default\">\n\t\t\t\t<div class=\"elementor-widget-container\">\n\t\t\t\t\t<h1 class=\"elementor-heading-title elementor-size-default\">Aviso legal<\/h1>\t\t\t\t<\/div>\n\t\t\t\t<\/div>\n\t\t\t\t<div class=\"elementor-element elementor-element-3d54adc elementor-widget-divider--view-line elementor-widget elementor-widget-divider\" data-id=\"3d54adc\" data-element_type=\"widget\" data-widget_type=\"divider.default\">\n\t\t\t\t<div class=\"elementor-widget-container\">\n\t\t\t\t\t\t\t<div class=\"elementor-divider\">\n\t\t\t<span class=\"elementor-divider-separator\">\n\t\t\t\t\t\t<\/span>\n\t\t<\/div>\n\t\t\t\t\t\t<\/div>\n\t\t\t\t<\/div>\n\t\t\t\t\t<\/div>\n\t\t\t\t<\/div>\n\t\t<div class=\"elementor-element elementor-element-be315a7 e-con-full e-flex e-con e-child\" data-id=\"be315a7\" data-element_type=\"container\">\n\t\t\t\t<div class=\"elementor-element elementor-element-e41e0b9 elementor-view-default elementor-widget elementor-widget-icon\" data-id=\"e41e0b9\" data-element_type=\"widget\" data-widget_type=\"icon.default\">\n\t\t\t\t<div class=\"elementor-widget-container\">\n\t\t\t\t\t\t\t<div class=\"elementor-icon-wrapper\">\n\t\t\t<a class=\"elementor-icon elementor-animation-shrink\" href=\"#legal\">\n\t\t\t<svg aria-hidden=\"true\" class=\"e-font-icon-svg e-fas-chevron-down\" viewBox=\"0 0 448 512\" xmlns=\"http:\/\/www.w3.org\/2000\/svg\"><path d=\"M207.029 381.476L12.686 187.132c-9.373-9.373-9.373-24.569 0-33.941l22.667-22.667c9.357-9.357 24.522-9.375 33.901-.04L224 284.505l154.745-154.021c9.379-9.335 24.544-9.317 33.901.04l22.667 22.667c9.373 9.373 9.373 24.569 0 33.941L240.971 381.476c-9.373 9.372-24.569 9.372-33.942 0z\"><\/path><\/svg>\t\t\t<\/a>\n\t\t<\/div>\n\t\t\t\t\t\t<\/div>\n\t\t\t\t<\/div>\n\t\t\t\t<\/div>\n\t\t\t\t\t<\/div>\n\t\t\t\t<\/div>\n\t\t<div class=\"elementor-element elementor-element-8b25243 e-flex e-con-boxed e-con e-parent\" data-id=\"8b25243\" data-element_type=\"container\" id=\"legal\">\n\t\t\t\t\t<div class=\"e-con-inner\">\n\t\t\t\t<div class=\"elementor-element elementor-element-438df90 elementor-widget elementor-widget-spacer\" data-id=\"438df90\" data-element_type=\"widget\" data-widget_type=\"spacer.default\">\n\t\t\t\t<div class=\"elementor-widget-container\">\n\t\t\t\t\t\t\t<div class=\"elementor-spacer\">\n\t\t\t<div class=\"elementor-spacer-inner\"><\/div>\n\t\t<\/div>\n\t\t\t\t\t\t<\/div>\n\t\t\t\t<\/div>\n\t\t\t\t<div class=\"elementor-element elementor-element-86eeeb9 elementor-widget elementor-widget-text-editor\" data-id=\"86eeeb9\" data-element_type=\"widget\" data-widget_type=\"text-editor.default\">\n\t\t\t\t<div class=\"elementor-widget-container\">\n\t\t\t\t\t\t\t\t\t<p data-start=\"283\" data-end=\"448\">La utilizaci\u00f3n de este sitio web as\u00ed como de cualquiera de sus servicios implica la lectura, comprensi\u00f3n y aceptaci\u00f3n del presente aviso legal por parte del usuario.<\/p><p data-start=\"450\" data-end=\"630\">En cumplimiento de lo establecido en la Ley 34\/2002, de 11 de julio, de Servicios de la Sociedad de la Informaci\u00f3n y el Comercio Electr\u00f3nico, se informa de los siguientes aspectos:<\/p><p data-start=\"632\" data-end=\"857\">\u2013 Responsable del sitio web: <strong data-start=\"661\" data-end=\"697\">UNNIKA DESARROLLOS URBANOS, S.L.<\/strong><br data-start=\"697\" data-end=\"700\" \/>\u2013 Direcci\u00f3n: <strong>GRAN V\u00cdA MARQU\u00c9S DEL T\u00daRIA, 39 &#8211; 3a 46005 VALENCIA<\/strong><br data-start=\"768\" data-end=\"771\" \/>\u2013 Email de contacto: <strong data-start=\"792\" data-end=\"829\"><a class=\"cursor-pointer\" rel=\"noopener\" data-start=\"794\" data-end=\"827\">comercial@unnikarehabilitacion.es<\/a><\/strong><br data-start=\"829\" data-end=\"832\" \/>\u2013 NIF\/CIF: <strong data-start=\"843\" data-end=\"857\">B-19904804<\/strong><\/p><p data-start=\"859\" data-end=\"1022\">El Usuario acepta voluntaria y expresamente que el uso del sitio <span style=\"color: #2d3a1b;\"><strong data-start=\"924\" data-end=\"955\"><a class=\"\" style=\"color: #2d3a1b;\" href=\"http:\/\/www.unnikarehabilitacion.es\" target=\"_new\" rel=\"noopener\" data-start=\"926\" data-end=\"953\">www.unnikarehabilitacion.es<\/a><\/strong><\/span> se realiza en todo caso bajo su \u00fanica y exclusiva responsabilidad.<\/p><p data-start=\"1024\" data-end=\"1355\">En la utilizaci\u00f3n del sitio <span style=\"color: #2d3a1b;\"><strong data-start=\"1052\" data-end=\"1083\"><a class=\"\" style=\"color: #2d3a1b;\" href=\"http:\/\/www.unnikarehabilitacion.es\" target=\"_new\" rel=\"noopener\" data-start=\"1054\" data-end=\"1081\">www.unnikarehabilitacion.es<\/a><\/strong><\/span>, el Usuario se compromete a no llevar a cabo ninguna conducta que pudiera da\u00f1ar la imagen, los intereses y los derechos del sitio web o de terceros, o que pudiera da\u00f1arlo, inutilizarlo o sobrecargarlo, o que impidiera, de cualquier forma, la normal utilizaci\u00f3n del mismo.<\/p><p data-start=\"1357\" data-end=\"1563\">Los Contenidos del sitio <span style=\"color: #2d3a1b;\"><strong data-start=\"1382\" data-end=\"1413\"><a class=\"\" style=\"color: #2d3a1b;\" href=\"http:\/\/www.unnikarehabilitacion.es\" target=\"_new\" rel=\"noopener\" data-start=\"1384\" data-end=\"1411\">www.unnikarehabilitacion.es<\/a><\/strong><\/span> son puestos a disposici\u00f3n del Usuario por <strong data-start=\"1456\" data-end=\"1492\">UNNIKA DESARROLLOS URBANOS, S.L.<\/strong>, con informaci\u00f3n procedente tanto de fuentes propias como de terceros.<\/p><p data-start=\"1565\" data-end=\"1833\"><span style=\"color: #2d3a1b;\"><strong data-start=\"1565\" data-end=\"1596\"><a class=\"\" style=\"color: #2d3a1b;\" href=\"http:\/\/www.unnikarehabilitacion.es\" target=\"_new\" rel=\"noopener\" data-start=\"1567\" data-end=\"1594\">www.unnikarehabilitacion.es<\/a><\/strong><\/span> procura que los contenidos sean de la mayor calidad posible y est\u00e9n razonablemente actualizados, pero <strong data-start=\"1699\" data-end=\"1735\">UNNIKA DESARROLLOS URBANOS, S.L.<\/strong> no garantiza la utilidad, exactitud, exhaustividad, pertinencia y\/o actualidad de los contenidos.<\/p><p data-start=\"1835\" data-end=\"2420\">Mediante estas Condiciones Generales no se cede ning\u00fan derecho de propiedad intelectual o industrial sobre el sitio <span style=\"color: #2d3a1b;\"><strong data-start=\"1951\" data-end=\"1982\"><a class=\"\" style=\"color: #2d3a1b;\" href=\"http:\/\/www.unnikarehabilitacion.es\" target=\"_new\" rel=\"noopener\" data-start=\"1953\" data-end=\"1980\">www.unnikarehabilitacion.es<\/a><\/strong><\/span> ni sobre ninguno de sus elementos integrantes, quedando expresamente prohibidos al Usuario la reproducci\u00f3n, transformaci\u00f3n, distribuci\u00f3n, comunicaci\u00f3n p\u00fablica, puesta a disposici\u00f3n, extracci\u00f3n, reutilizaci\u00f3n, reenv\u00edo o la utilizaci\u00f3n de cualquier naturaleza, por cualquier medio o procedimiento, de cualquiera de ellos, salvo en los casos en que est\u00e9 legalmente permitido o sea autorizado por el titular de los correspondientes derechos.<\/p><p data-start=\"2422\" data-end=\"2479\">Estas Condiciones Generales se rigen por la Ley espa\u00f1ola.<\/p>\t\t\t\t\t\t\t\t<\/div>\n\t\t\t\t<\/div>\n\t\t\t\t<div class=\"elementor-element elementor-element-6494203 elementor-widget elementor-widget-spacer\" data-id=\"6494203\" data-element_type=\"widget\" data-widget_type=\"spacer.default\">\n\t\t\t\t<div class=\"elementor-widget-container\">\n\t\t\t\t\t\t\t<div class=\"elementor-spacer\">\n\t\t\t<div class=\"elementor-spacer-inner\"><\/div>\n\t\t<\/div>\n\t\t\t\t\t\t<\/div>\n\t\t\t\t<\/div>\n\t\t\t\t\t<\/div>\n\t\t\t\t<\/div>\n\t\t\t\t<\/div>\n\t\t","protected":false},"excerpt":{"rendered":"<p>Aviso legal La utilizaci\u00f3n de este sitio web as\u00ed como de cualquiera de sus servicios implica la lectura, comprensi\u00f3n y aceptaci\u00f3n del presente aviso legal por parte del usuario. En cumplimiento de lo establecido en la Ley 34\/2002, de 11 de julio, de Servicios de la Sociedad de la Informaci\u00f3n y el Comercio Electr\u00f3nico, se [&hellip;]<\/p>\n","protected":false},"author":1,"featured_media":0,"parent":0,"menu_order":0,"comment_status":"closed","ping_status":"closed","template":"elementor_theme","meta":{"footnotes":""},"class_list":["post-632","page","type-page","status-publish","hentry"],"yoast_head":"<!-- This site is optimized with the Yoast SEO plugin v25.3 - https:\/\/yoast.com\/wordpress\/plugins\/seo\/ -->\n<title>Aviso legal - Unnika Rehabilitaci\u00f3n<\/title>\n<meta name=\"robots\" content=\"index, follow, max-snippet:-1, max-image-preview:large, max-video-preview:-1\" \/>\n<link rel=\"canonical\" href=\"https:\/\/unnikarehabilitacion.es\/?page_id=632\" \/>\n<meta property=\"og:locale\" content=\"es_ES\" \/>\n<meta property=\"og:type\" content=\"article\" \/>\n<meta property=\"og:title\" content=\"Aviso legal - Unnika Rehabilitaci\u00f3n\" \/>\n<meta property=\"og:description\" content=\"Aviso legal La utilizaci\u00f3n de este sitio web as\u00ed como de cualquiera de sus servicios implica la lectura, comprensi\u00f3n y aceptaci\u00f3n del presente aviso legal por parte del usuario. En cumplimiento de lo establecido en la Ley 34\/2002, de 11 de julio, de Servicios de la Sociedad de la Informaci\u00f3n y el Comercio Electr\u00f3nico, se [&hellip;]\" \/>\n<meta property=\"og:url\" content=\"https:\/\/unnikarehabilitacion.es\/?page_id=632\" \/>\n<meta property=\"og:site_name\" content=\"Unnika Rehabilitaci\u00f3n\" \/>\n<meta property=\"article:modified_time\" content=\"2025-07-10T07:47:40+00:00\" \/>\n<meta property=\"og:image\" content=\"https:\/\/unnikarehabilitacion.es\/wp-content\/uploads\/2025\/06\/Marca-2.png\" \/>\n\t<meta property=\"og:image:width\" content=\"959\" \/>\n\t<meta property=\"og:image:height\" content=\"959\" \/>\n\t<meta property=\"og:image:type\" content=\"image\/png\" \/>\n<meta name=\"twitter:card\" content=\"summary_large_image\" \/>\n<meta name=\"twitter:label1\" content=\"Tiempo de lectura\" \/>\n\t<meta name=\"twitter:data1\" content=\"2 minutos\" \/>\n<script type=\"application\/ld+json\" class=\"yoast-schema-graph\">{\"@context\":\"https:\/\/schema.org\",\"@graph\":[{\"@type\":\"WebPage\",\"@id\":\"https:\/\/unnikarehabilitacion.es\/?page_id=632\",\"url\":\"https:\/\/unnikarehabilitacion.es\/?page_id=632\",\"name\":\"Aviso legal - Unnika Rehabilitaci\u00f3n\",\"isPartOf\":{\"@id\":\"https:\/\/unnikarehabilitacion.es\/#website\"},\"primaryImageOfPage\":{\"@id\":\"https:\/\/unnikarehabilitacion.es\/?page_id=632#primaryimage\"},\"image\":{\"@id\":\"https:\/\/unnikarehabilitacion.es\/?page_id=632#primaryimage\"},\"thumbnailUrl\":\"https:\/\/unnikarehabilitacion.es\/wp-content\/uploads\/2025\/06\/Marca-2.png\",\"datePublished\":\"2025-06-18T22:04:49+00:00\",\"dateModified\":\"2025-07-10T07:47:40+00:00\",\"breadcrumb\":{\"@id\":\"https:\/\/unnikarehabilitacion.es\/?page_id=632#breadcrumb\"},\"inLanguage\":\"es\",\"potentialAction\":[{\"@type\":\"ReadAction\",\"target\":[\"https:\/\/unnikarehabilitacion.es\/?page_id=632\"]}]},{\"@type\":\"ImageObject\",\"inLanguage\":\"es\",\"@id\":\"https:\/\/unnikarehabilitacion.es\/?page_id=632#primaryimage\",\"url\":\"https:\/\/unnikarehabilitacion.es\/wp-content\/uploads\/2025\/06\/Marca-2.png\",\"contentUrl\":\"https:\/\/unnikarehabilitacion.es\/wp-content\/uploads\/2025\/06\/Marca-2.png\",\"width\":959,\"height\":959},{\"@type\":\"BreadcrumbList\",\"@id\":\"https:\/\/unnikarehabilitacion.es\/?page_id=632#breadcrumb\",\"itemListElement\":[{\"@type\":\"ListItem\",\"position\":1,\"name\":\"Portada\",\"item\":\"https:\/\/unnikarehabilitacion.es\/\"},{\"@type\":\"ListItem\",\"position\":2,\"name\":\"Aviso legal\"}]},{\"@type\":\"WebSite\",\"@id\":\"https:\/\/unnikarehabilitacion.es\/#website\",\"url\":\"https:\/\/unnikarehabilitacion.es\/\",\"name\":\"Unnika Rehabilitaci\u00f3n\",\"description\":\"\",\"potentialAction\":[{\"@type\":\"SearchAction\",\"target\":{\"@type\":\"EntryPoint\",\"urlTemplate\":\"https:\/\/unnikarehabilitacion.es\/?s={search_term_string}\"},\"query-input\":{\"@type\":\"PropertyValueSpecification\",\"valueRequired\":true,\"valueName\":\"search_term_string\"}}],\"inLanguage\":\"es\"}]}<\/script>\n<!-- \/ Yoast SEO plugin. -->","yoast_head_json":{"title":"Aviso legal - Unnika Rehabilitaci\u00f3n","robots":{"index":"index","follow":"follow","max-snippet":"max-snippet:-1","max-image-preview":"max-image-preview:large","max-video-preview":"max-video-preview:-1"},"canonical":"https:\/\/unnikarehabilitacion.es\/?page_id=632","og_locale":"es_ES","og_type":"article","og_title":"Aviso legal - Unnika Rehabilitaci\u00f3n","og_description":"Aviso legal La utilizaci\u00f3n de este sitio web as\u00ed como de cualquiera de sus servicios implica la lectura, comprensi\u00f3n y aceptaci\u00f3n del presente aviso legal por parte del usuario. En cumplimiento de lo establecido en la Ley 34\/2002, de 11 de julio, de Servicios de la Sociedad de la Informaci\u00f3n y el Comercio Electr\u00f3nico, se [&hellip;]","og_url":"https:\/\/unnikarehabilitacion.es\/?page_id=632","og_site_name":"Unnika Rehabilitaci\u00f3n","article_modified_time":"2025-07-10T07:47:40+00:00","og_image":[{"width":959,"height":959,"url":"https:\/\/unnikarehabilitacion.es\/wp-content\/uploads\/2025\/06\/Marca-2.png","type":"image\/png"}],"twitter_card":"summary_large_image","twitter_misc":{"Tiempo de lectura":"2 minutos"},"schema":{"@context":"https:\/\/schema.org","@graph":[{"@type":"WebPage","@id":"https:\/\/unnikarehabilitacion.es\/?page_id=632","url":"https:\/\/unnikarehabilitacion.es\/?page_id=632","name":"Aviso legal - Unnika Rehabilitaci\u00f3n","isPartOf":{"@id":"https:\/\/unnikarehabilitacion.es\/#website"},"primaryImageOfPage":{"@id":"https:\/\/unnikarehabilitacion.es\/?page_id=632#primaryimage"},"image":{"@id":"https:\/\/unnikarehabilitacion.es\/?page_id=632#primaryimage"},"thumbnailUrl":"https:\/\/unnikarehabilitacion.es\/wp-content\/uploads\/2025\/06\/Marca-2.png","datePublished":"2025-06-18T22:04:49+00:00","dateModified":"2025-07-10T07:47:40+00:00","breadcrumb":{"@id":"https:\/\/unnikarehabilitacion.es\/?page_id=632#breadcrumb"},"inLanguage":"es","potentialAction":[{"@type":"ReadAction","target":["https:\/\/unnikarehabilitacion.es\/?page_id=632"]}]},{"@type":"ImageObject","inLanguage":"es","@id":"https:\/\/unnikarehabilitacion.es\/?page_id=632#primaryimage","url":"https:\/\/unnikarehabilitacion.es\/wp-content\/uploads\/2025\/06\/Marca-2.png","contentUrl":"https:\/\/unnikarehabilitacion.es\/wp-content\/uploads\/2025\/06\/Marca-2.png","width":959,"height":959},{"@type":"BreadcrumbList","@id":"https:\/\/unnikarehabilitacion.es\/?page_id=632#breadcrumb","itemListElement":[{"@type":"ListItem","position":1,"name":"Portada","item":"https:\/\/unnikarehabilitacion.es\/"},{"@type":"ListItem","position":2,"name":"Aviso legal"}]},{"@type":"WebSite","@id":"https:\/\/unnikarehabilitacion.es\/#website","url":"https:\/\/unnikarehabilitacion.es\/","name":"Unnika Rehabilitaci\u00f3n","description":"","potentialAction":[{"@type":"SearchAction","target":{"@type":"EntryPoint","urlTemplate":"https:\/\/unnikarehabilitacion.es\/?s={search_term_string}"},"query-input":{"@type":"PropertyValueSpecification","valueRequired":true,"valueName":"search_term_string"}}],"inLanguage":"es"}]}},"_links":{"self":[{"href":"https:\/\/unnikarehabilitacion.es\/index.php?rest_route=\/wp\/v2\/pages\/632","targetHints":{"allow":["GET"]}}],"collection":[{"href":"https:\/\/unnikarehabilitacion.es\/index.php?rest_route=\/wp\/v2\/pages"}],"about":[{"href":"https:\/\/unnikarehabilitacion.es\/index.php?rest_route=\/wp\/v2\/types\/page"}],"author":[{"embeddable":true,"href":"https:\/\/unnikarehabilitacion.es\/index.php?rest_route=\/wp\/v2\/users\/1"}],"replies":[{"embeddable":true,"href":"https:\/\/unnikarehabilitacion.es\/index.php?rest_route=%2Fwp%2Fv2%2Fcomments&post=632"}],"version-history":[{"count":22,"href":"https:\/\/unnikarehabilitacion.es\/index.php?rest_route=\/wp\/v2\/pages\/632\/revisions"}],"predecessor-version":[{"id":1094,"href":"https:\/\/unnikarehabilitacion.es\/index.php?rest_route=\/wp\/v2\/pages\/632\/revisions\/1094"}],"wp:attachment":[{"href":"https:\/\/unnikarehabilitacion.es\/index.php?rest_route=%2Fwp%2Fv2%2Fmedia&parent=632"}],"curies":[{"name":"wp","href":"https:\/\/api.w.org\/{rel}","templated":true}]}}