{"id":634,"date":"2025-06-18T22:05:20","date_gmt":"2025-06-18T22:05:20","guid":{"rendered":"https:\/\/unnikarehabilitacion.es\/?page_id=634"},"modified":"2025-07-10T07:48:26","modified_gmt":"2025-07-10T07:48:26","slug":"politica-de-privacidad","status":"publish","type":"page","link":"https:\/\/unnikarehabilitacion.es\/?page_id=634","title":{"rendered":"Pol\u00edtica de privacidad"},"content":{"rendered":"\t\t<div data-elementor-type=\"wp-page\" data-elementor-id=\"634\" class=\"elementor elementor-634\" data-elementor-post-type=\"page\">\n\t\t\t\t<div class=\"elementor-element elementor-element-46458a3 e-flex e-con-boxed e-con e-parent\" data-id=\"46458a3\" data-element_type=\"container\" data-settings=\"{&quot;background_background&quot;:&quot;classic&quot;}\">\n\t\t\t\t\t<div class=\"e-con-inner\">\n\t\t<div class=\"elementor-element elementor-element-f388640 e-con-full e-flex e-con e-child\" data-id=\"f388640\" data-element_type=\"container\">\n\t\t\t\t<div class=\"elementor-element elementor-element-3f31fb1 elementor-widget elementor-widget-spacer\" data-id=\"3f31fb1\" data-element_type=\"widget\" data-widget_type=\"spacer.default\">\n\t\t\t\t<div class=\"elementor-widget-container\">\n\t\t\t\t\t\t\t<div class=\"elementor-spacer\">\n\t\t\t<div class=\"elementor-spacer-inner\"><\/div>\n\t\t<\/div>\n\t\t\t\t\t\t<\/div>\n\t\t\t\t<\/div>\n\t\t\t\t<\/div>\n\t\t<div class=\"elementor-element elementor-element-566c193 e-flex e-con-boxed e-con e-child\" data-id=\"566c193\" data-element_type=\"container\">\n\t\t\t\t\t<div class=\"e-con-inner\">\n\t\t\t\t<div class=\"elementor-element elementor-element-11885cf elementor-invisible elementor-widget elementor-widget-image\" data-id=\"11885cf\" data-element_type=\"widget\" data-settings=\"{&quot;_animation&quot;:&quot;fadeInUp&quot;}\" data-widget_type=\"image.default\">\n\t\t\t\t<div class=\"elementor-widget-container\">\n\t\t\t\t\t\t\t\t\t\t\t\t\t\t\t<img fetchpriority=\"high\" decoding=\"async\" width=\"800\" height=\"800\" src=\"https:\/\/unnikarehabilitacion.es\/wp-content\/uploads\/2025\/06\/Marca-2.png\" class=\"attachment-large size-large wp-image-306\" alt=\"\" srcset=\"https:\/\/unnikarehabilitacion.es\/wp-content\/uploads\/2025\/06\/Marca-2.png 959w, https:\/\/unnikarehabilitacion.es\/wp-content\/uploads\/2025\/06\/Marca-2-300x300.png 300w, https:\/\/unnikarehabilitacion.es\/wp-content\/uploads\/2025\/06\/Marca-2-150x150.png 150w, https:\/\/unnikarehabilitacion.es\/wp-content\/uploads\/2025\/06\/Marca-2-768x768.png 768w\" sizes=\"(max-width: 800px) 100vw, 800px\" \/>\t\t\t\t\t\t\t\t\t\t\t\t\t\t\t<\/div>\n\t\t\t\t<\/div>\n\t\t\t\t<div class=\"elementor-element elementor-element-d5704b2 elementor-widget-divider--view-line elementor-widget elementor-widget-divider\" data-id=\"d5704b2\" data-element_type=\"widget\" data-widget_type=\"divider.default\">\n\t\t\t\t<div class=\"elementor-widget-container\">\n\t\t\t\t\t\t\t<div class=\"elementor-divider\">\n\t\t\t<span class=\"elementor-divider-separator\">\n\t\t\t\t\t\t<\/span>\n\t\t<\/div>\n\t\t\t\t\t\t<\/div>\n\t\t\t\t<\/div>\n\t\t\t\t<div class=\"elementor-element elementor-element-ba12bcf elementor-invisible elementor-widget elementor-widget-heading\" data-id=\"ba12bcf\" data-element_type=\"widget\" data-settings=\"{&quot;_animation&quot;:&quot;fadeInDown&quot;}\" data-widget_type=\"heading.default\">\n\t\t\t\t<div class=\"elementor-widget-container\">\n\t\t\t\t\t<h1 class=\"elementor-heading-title elementor-size-default\">Pol\u00edtica de Privacidad<\/h1>\t\t\t\t<\/div>\n\t\t\t\t<\/div>\n\t\t\t\t<div class=\"elementor-element elementor-element-5bbf626 elementor-widget-divider--view-line elementor-widget elementor-widget-divider\" data-id=\"5bbf626\" data-element_type=\"widget\" data-widget_type=\"divider.default\">\n\t\t\t\t<div class=\"elementor-widget-container\">\n\t\t\t\t\t\t\t<div class=\"elementor-divider\">\n\t\t\t<span class=\"elementor-divider-separator\">\n\t\t\t\t\t\t<\/span>\n\t\t<\/div>\n\t\t\t\t\t\t<\/div>\n\t\t\t\t<\/div>\n\t\t\t\t\t<\/div>\n\t\t\t\t<\/div>\n\t\t<div class=\"elementor-element elementor-element-c090bc4 e-con-full e-flex e-con e-child\" data-id=\"c090bc4\" data-element_type=\"container\">\n\t\t\t\t<div class=\"elementor-element elementor-element-00c8573 elementor-view-default elementor-widget elementor-widget-icon\" data-id=\"00c8573\" data-element_type=\"widget\" data-widget_type=\"icon.default\">\n\t\t\t\t<div class=\"elementor-widget-container\">\n\t\t\t\t\t\t\t<div class=\"elementor-icon-wrapper\">\n\t\t\t<a class=\"elementor-icon elementor-animation-shrink\" href=\"#privacidad\">\n\t\t\t<svg aria-hidden=\"true\" class=\"e-font-icon-svg e-fas-chevron-down\" viewBox=\"0 0 448 512\" xmlns=\"http:\/\/www.w3.org\/2000\/svg\"><path d=\"M207.029 381.476L12.686 187.132c-9.373-9.373-9.373-24.569 0-33.941l22.667-22.667c9.357-9.357 24.522-9.375 33.901-.04L224 284.505l154.745-154.021c9.379-9.335 24.544-9.317 33.901.04l22.667 22.667c9.373 9.373 9.373 24.569 0 33.941L240.971 381.476c-9.373 9.372-24.569 9.372-33.942 0z\"><\/path><\/svg>\t\t\t<\/a>\n\t\t<\/div>\n\t\t\t\t\t\t<\/div>\n\t\t\t\t<\/div>\n\t\t\t\t<\/div>\n\t\t\t\t\t<\/div>\n\t\t\t\t<\/div>\n\t\t<div class=\"elementor-element elementor-element-916a40c e-flex e-con-boxed e-con e-parent\" data-id=\"916a40c\" data-element_type=\"container\" id=\"privacidad\">\n\t\t\t\t\t<div class=\"e-con-inner\">\n\t\t\t\t<div class=\"elementor-element elementor-element-de55dc0 elementor-widget elementor-widget-spacer\" data-id=\"de55dc0\" data-element_type=\"widget\" data-widget_type=\"spacer.default\">\n\t\t\t\t<div class=\"elementor-widget-container\">\n\t\t\t\t\t\t\t<div class=\"elementor-spacer\">\n\t\t\t<div class=\"elementor-spacer-inner\"><\/div>\n\t\t<\/div>\n\t\t\t\t\t\t<\/div>\n\t\t\t\t<\/div>\n\t\t\t\t<div class=\"elementor-element elementor-element-985fd3a elementor-widget elementor-widget-text-editor\" data-id=\"985fd3a\" data-element_type=\"widget\" data-widget_type=\"text-editor.default\">\n\t\t\t\t<div class=\"elementor-widget-container\">\n\t\t\t\t\t\t\t\t\t<p data-start=\"263\" data-end=\"436\">La utilizaci\u00f3n de este sitio web, as\u00ed como de cualquiera de sus servicios, implica la lectura, comprensi\u00f3n y aceptaci\u00f3n de esta pol\u00edtica de privacidad por parte del usuario.<\/p><p data-start=\"438\" data-end=\"685\">En cumplimiento de lo dispuesto en el <strong data-start=\"476\" data-end=\"528\">Reglamento Europeo de Protecci\u00f3n de Datos (RGPD)<\/strong>, <strong data-start=\"530\" data-end=\"566\">UNNIKA DESARROLLOS URBANOS, S.L.<\/strong> le informa de que en determinadas \u00e1reas de nuestra web se solicita al usuario una serie de datos de car\u00e1cter personal.<\/p><p data-start=\"687\" data-end=\"942\">El usuario siempre tendr\u00e1 la opci\u00f3n de aceptar o rechazar las condiciones legales bajo las cuales facilitar\u00e1 dichos datos. Se considerar\u00e1 esa aceptaci\u00f3n como consentimiento informado, y autoriza expresamente su tratamiento bajo las siguientes condiciones:<\/p><hr data-start=\"944\" data-end=\"947\" \/><h3 data-start=\"949\" data-end=\"1001\"><strong data-start=\"953\" data-end=\"1001\">INFORMACI\u00d3N B\u00c1SICA SOBRE PROTECCI\u00d3N DE DATOS<\/strong><\/h3><ul data-start=\"1003\" data-end=\"1662\"><li data-start=\"1003\" data-end=\"1068\"><p data-start=\"1005\" data-end=\"1068\"><strong data-start=\"1005\" data-end=\"1033\">Responsable del fichero:<\/strong> UNNIKA DESARROLLOS URBANOS, S.L.<\/p><\/li><li data-start=\"1069\" data-end=\"1156\"><p data-start=\"1071\" data-end=\"1156\"><strong data-start=\"1071\" data-end=\"1101\">Domicilio del responsable:<\/strong> GRAN V\u00cdA MARQU\u00c9S DEL T\u00daRIA, 39 &#8211; 3a 46005 VALENCIA<\/p><\/li><li data-start=\"1157\" data-end=\"1217\"><p data-start=\"1159\" data-end=\"1217\"><strong data-start=\"1159\" data-end=\"1181\">Email de contacto:<\/strong> <a class=\"cursor-pointer\" rel=\"noopener\" data-start=\"1182\" data-end=\"1215\">comercial@unnikarehabilitacion.es<\/a><\/p><\/li><li data-start=\"1218\" data-end=\"1321\"><p data-start=\"1220\" data-end=\"1321\"><strong data-start=\"1220\" data-end=\"1234\">Finalidad:<\/strong> Atender solicitudes de informaci\u00f3n u otras peticiones realizadas a trav\u00e9s de la web.<\/p><\/li><li data-start=\"1322\" data-end=\"1374\"><p data-start=\"1324\" data-end=\"1374\"><strong data-start=\"1324\" data-end=\"1341\">Legitimaci\u00f3n:<\/strong> Consentimiento del interesado.<\/p><\/li><li data-start=\"1375\" data-end=\"1453\"><p data-start=\"1377\" data-end=\"1453\"><strong data-start=\"1377\" data-end=\"1395\">Destinatarios:<\/strong> No se ceder\u00e1n datos a terceros, salvo obligaci\u00f3n legal.<\/p><\/li><li data-start=\"1454\" data-end=\"1559\"><p data-start=\"1456\" data-end=\"1559\"><strong data-start=\"1456\" data-end=\"1469\">Derechos:<\/strong> Acceso, rectificaci\u00f3n, supresi\u00f3n, oposici\u00f3n, limitaci\u00f3n del tratamiento y portabilidad.<\/p><\/li><li data-start=\"1560\" data-end=\"1662\"><p data-start=\"1562\" data-end=\"1662\"><strong data-start=\"1562\" data-end=\"1588\">Informaci\u00f3n adicional:<\/strong> Puede solicitar m\u00e1s informaci\u00f3n escribiendo a nuestro correo de contacto.<\/p><\/li><\/ul><hr data-start=\"1664\" data-end=\"1667\" \/><h3 data-start=\"1669\" data-end=\"1723\"><strong data-start=\"1673\" data-end=\"1723\">INFORMACI\u00d3N AMPLIADA SOBRE PROTECCI\u00d3N DE DATOS<\/strong><\/h3><h4 data-start=\"1725\" data-end=\"1757\"><strong data-start=\"1730\" data-end=\"1757\">Responsable del fichero<\/strong><\/h4><p data-start=\"1758\" data-end=\"1945\"><strong data-start=\"1758\" data-end=\"1794\">UNNIKA DESARROLLOS URBANOS, S.L.<\/strong><br data-start=\"1794\" data-end=\"1797\" \/>Para cualquier cuesti\u00f3n relacionada con Protecci\u00f3n de Datos puede contactar con nosotros a trav\u00e9s del email:<br data-start=\"1905\" data-end=\"1908\" \/><strong data-start=\"1908\" data-end=\"1945\"><a class=\"cursor-pointer\" rel=\"noopener\" data-start=\"1910\" data-end=\"1943\">comercial@unnikarehabilitacion.es<\/a><\/strong><\/p><h4 data-start=\"1947\" data-end=\"1983\"><strong data-start=\"1952\" data-end=\"1981\">Domicilio del responsable<\/strong><\/h4><p data-start=\"1984\" data-end=\"2036\">Pasaje Ventura Feliu n\u00ba 13 Bajo izq., 46007 Valencia<\/p><hr data-start=\"2038\" data-end=\"2041\" \/><h3 data-start=\"2043\" data-end=\"2071\"><strong data-start=\"2047\" data-end=\"2071\">\u00bfQu\u00e9 datos tratamos?<\/strong><\/h3><p data-start=\"2073\" data-end=\"2198\">Tratamos \u00fanicamente los datos facilitados voluntariamente por el usuario. Dependiendo del tipo de relaci\u00f3n, podr\u00edamos tratar:<\/p><ul data-start=\"2200\" data-end=\"2375\"><li data-start=\"2200\" data-end=\"2225\"><p data-start=\"2202\" data-end=\"2225\">Datos identificativos<\/p><\/li><li data-start=\"2226\" data-end=\"2260\"><p data-start=\"2228\" data-end=\"2260\">Datos econ\u00f3micos o financieros<\/p><\/li><li data-start=\"2261\" data-end=\"2310\"><p data-start=\"2263\" data-end=\"2310\">Datos de circunstancias personales o sociales<\/p><\/li><li data-start=\"2311\" data-end=\"2375\"><p data-start=\"2313\" data-end=\"2375\">Datos relativos a empleo (en el caso de procesos de selecci\u00f3n)<\/p><\/li><\/ul><hr data-start=\"2377\" data-end=\"2380\" \/><h3 data-start=\"2382\" data-end=\"2428\"><strong data-start=\"2386\" data-end=\"2428\">\u00bfCon qu\u00e9 finalidad tratamos sus datos?<\/strong><\/h3><p data-start=\"2430\" data-end=\"2610\">Utilizamos los datos para gestionar y responder solicitudes o consultas realizadas a trav\u00e9s de la web, y para prestar los servicios que se nos hayan solicitado de forma espec\u00edfica.<\/p><hr data-start=\"2612\" data-end=\"2615\" \/><h3 data-start=\"2617\" data-end=\"2670\"><strong data-start=\"2621\" data-end=\"2670\">\u00bfDurante cu\u00e1nto tiempo conservamos sus datos?<\/strong><\/h3><p data-start=\"2672\" data-end=\"2854\">Los datos se conservar\u00e1n el tiempo necesario para cumplir con la finalidad para la que fueron recabados y durante los plazos exigidos por ley para atender posibles responsabilidades.<\/p><hr data-start=\"2856\" data-end=\"2859\" \/><h3 data-start=\"2861\" data-end=\"2933\"><strong data-start=\"2865\" data-end=\"2933\">\u00bfCu\u00e1l es la base legal que legitima el tratamiento de sus datos?<\/strong><\/h3><p data-start=\"2935\" data-end=\"3036\">La base legal es el consentimiento del interesado, necesario para tramitar las solicitudes recibidas.<\/p><hr data-start=\"3038\" data-end=\"3041\" \/><h3 data-start=\"3043\" data-end=\"3088\"><strong data-start=\"3047\" data-end=\"3088\">\u00bfSe comunicar\u00e1n sus datos a terceros?<\/strong><\/h3><p data-start=\"3090\" data-end=\"3145\">No se ceder\u00e1n datos a terceros, salvo obligaci\u00f3n legal.<\/p><hr data-start=\"3147\" data-end=\"3150\" \/><h3 data-start=\"3152\" data-end=\"3191\"><strong data-start=\"3156\" data-end=\"3191\">\u00bfC\u00f3mo hemos obtenido sus datos?<\/strong><\/h3><p data-start=\"3193\" data-end=\"3327\">Los datos han sido recabados directamente del interesado o de su representante legal. No se tratan datos procedentes de otras fuentes.<\/p><hr data-start=\"3329\" data-end=\"3332\" \/><h3 data-start=\"3334\" data-end=\"3367\"><strong data-start=\"3338\" data-end=\"3367\">\u00bfCu\u00e1les son sus derechos?<\/strong><\/h3><p data-start=\"3369\" data-end=\"3407\">Usted puede ejercitar sus derechos de:<\/p><ul data-start=\"3409\" data-end=\"3513\"><li data-start=\"3409\" data-end=\"3419\"><p data-start=\"3411\" data-end=\"3419\">Acceso<\/p><\/li><li data-start=\"3420\" data-end=\"3437\"><p data-start=\"3422\" data-end=\"3437\">Rectificaci\u00f3n<\/p><\/li><li data-start=\"3438\" data-end=\"3451\"><p data-start=\"3440\" data-end=\"3451\">Supresi\u00f3n<\/p><\/li><li data-start=\"3452\" data-end=\"3482\"><p data-start=\"3454\" data-end=\"3482\">Limitaci\u00f3n del tratamiento<\/p><\/li><li data-start=\"3483\" data-end=\"3496\"><p data-start=\"3485\" data-end=\"3496\">Oposici\u00f3n<\/p><\/li><li data-start=\"3497\" data-end=\"3513\"><p data-start=\"3499\" data-end=\"3513\">Portabilidad<\/p><\/li><\/ul><p data-start=\"3515\" data-end=\"3625\">Dirigiendo una solicitud por escrito a la direcci\u00f3n indicada o al email <strong data-start=\"3587\" data-end=\"3624\"><a class=\"cursor-pointer\" rel=\"noopener\" data-start=\"3589\" data-end=\"3622\">comercial@unnikarehabilitacion.es<\/a><\/strong>.<\/p><p data-start=\"3627\" data-end=\"3784\">Asimismo, tiene derecho a presentar una reclamaci\u00f3n ante la Agencia Espa\u00f1ola de Protecci\u00f3n de Datos (AEPD) si considera que sus derechos han sido vulnerados.<\/p>\t\t\t\t\t\t\t\t<\/div>\n\t\t\t\t<\/div>\n\t\t\t\t<div class=\"elementor-element elementor-element-e2d89d4 elementor-widget elementor-widget-spacer\" data-id=\"e2d89d4\" data-element_type=\"widget\" data-widget_type=\"spacer.default\">\n\t\t\t\t<div class=\"elementor-widget-container\">\n\t\t\t\t\t\t\t<div class=\"elementor-spacer\">\n\t\t\t<div class=\"elementor-spacer-inner\"><\/div>\n\t\t<\/div>\n\t\t\t\t\t\t<\/div>\n\t\t\t\t<\/div>\n\t\t\t\t\t<\/div>\n\t\t\t\t<\/div>\n\t\t\t\t<\/div>\n\t\t","protected":false},"excerpt":{"rendered":"<p>Pol\u00edtica de Privacidad La utilizaci\u00f3n de este sitio web, as\u00ed como de cualquiera de sus servicios, implica la lectura, comprensi\u00f3n y aceptaci\u00f3n de esta pol\u00edtica de privacidad por parte del usuario. En cumplimiento de lo dispuesto en el Reglamento Europeo de Protecci\u00f3n de Datos (RGPD), UNNIKA DESARROLLOS URBANOS, S.L. le informa de que en determinadas [&hellip;]<\/p>\n","protected":false},"author":1,"featured_media":0,"parent":0,"menu_order":0,"comment_status":"closed","ping_status":"closed","template":"elementor_theme","meta":{"footnotes":""},"class_list":["post-634","page","type-page","status-publish","hentry"],"yoast_head":"<!-- This site is optimized with the Yoast SEO plugin v25.3 - https:\/\/yoast.com\/wordpress\/plugins\/seo\/ -->\n<title>Pol\u00edtica de privacidad - Unnika Rehabilitaci\u00f3n<\/title>\n<meta name=\"robots\" content=\"index, follow, max-snippet:-1, max-image-preview:large, max-video-preview:-1\" \/>\n<link rel=\"canonical\" href=\"https:\/\/unnikarehabilitacion.es\/?page_id=634\" \/>\n<meta property=\"og:locale\" content=\"es_ES\" \/>\n<meta property=\"og:type\" content=\"article\" \/>\n<meta property=\"og:title\" content=\"Pol\u00edtica de privacidad - Unnika Rehabilitaci\u00f3n\" \/>\n<meta property=\"og:description\" content=\"Pol\u00edtica de Privacidad La utilizaci\u00f3n de este sitio web, as\u00ed como de cualquiera de sus servicios, implica la lectura, comprensi\u00f3n y aceptaci\u00f3n de esta pol\u00edtica de privacidad por parte del usuario. En cumplimiento de lo dispuesto en el Reglamento Europeo de Protecci\u00f3n de Datos (RGPD), UNNIKA DESARROLLOS URBANOS, S.L. le informa de que en determinadas [&hellip;]\" \/>\n<meta property=\"og:url\" content=\"https:\/\/unnikarehabilitacion.es\/?page_id=634\" \/>\n<meta property=\"og:site_name\" content=\"Unnika Rehabilitaci\u00f3n\" \/>\n<meta property=\"article:modified_time\" content=\"2025-07-10T07:48:26+00:00\" \/>\n<meta property=\"og:image\" content=\"https:\/\/unnikarehabilitacion.es\/wp-content\/uploads\/2025\/06\/Marca-2.png\" \/>\n\t<meta property=\"og:image:width\" content=\"959\" \/>\n\t<meta property=\"og:image:height\" content=\"959\" \/>\n\t<meta property=\"og:image:type\" content=\"image\/png\" \/>\n<meta name=\"twitter:card\" content=\"summary_large_image\" \/>\n<meta name=\"twitter:label1\" content=\"Tiempo de lectura\" \/>\n\t<meta name=\"twitter:data1\" content=\"3 minutos\" \/>\n<script type=\"application\/ld+json\" class=\"yoast-schema-graph\">{\"@context\":\"https:\/\/schema.org\",\"@graph\":[{\"@type\":\"WebPage\",\"@id\":\"https:\/\/unnikarehabilitacion.es\/?page_id=634\",\"url\":\"https:\/\/unnikarehabilitacion.es\/?page_id=634\",\"name\":\"Pol\u00edtica de privacidad - Unnika Rehabilitaci\u00f3n\",\"isPartOf\":{\"@id\":\"https:\/\/unnikarehabilitacion.es\/#website\"},\"primaryImageOfPage\":{\"@id\":\"https:\/\/unnikarehabilitacion.es\/?page_id=634#primaryimage\"},\"image\":{\"@id\":\"https:\/\/unnikarehabilitacion.es\/?page_id=634#primaryimage\"},\"thumbnailUrl\":\"https:\/\/unnikarehabilitacion.es\/wp-content\/uploads\/2025\/06\/Marca-2.png\",\"datePublished\":\"2025-06-18T22:05:20+00:00\",\"dateModified\":\"2025-07-10T07:48:26+00:00\",\"breadcrumb\":{\"@id\":\"https:\/\/unnikarehabilitacion.es\/?page_id=634#breadcrumb\"},\"inLanguage\":\"es\",\"potentialAction\":[{\"@type\":\"ReadAction\",\"target\":[\"https:\/\/unnikarehabilitacion.es\/?page_id=634\"]}]},{\"@type\":\"ImageObject\",\"inLanguage\":\"es\",\"@id\":\"https:\/\/unnikarehabilitacion.es\/?page_id=634#primaryimage\",\"url\":\"https:\/\/unnikarehabilitacion.es\/wp-content\/uploads\/2025\/06\/Marca-2.png\",\"contentUrl\":\"https:\/\/unnikarehabilitacion.es\/wp-content\/uploads\/2025\/06\/Marca-2.png\",\"width\":959,\"height\":959},{\"@type\":\"BreadcrumbList\",\"@id\":\"https:\/\/unnikarehabilitacion.es\/?page_id=634#breadcrumb\",\"itemListElement\":[{\"@type\":\"ListItem\",\"position\":1,\"name\":\"Portada\",\"item\":\"https:\/\/unnikarehabilitacion.es\/\"},{\"@type\":\"ListItem\",\"position\":2,\"name\":\"Pol\u00edtica de privacidad\"}]},{\"@type\":\"WebSite\",\"@id\":\"https:\/\/unnikarehabilitacion.es\/#website\",\"url\":\"https:\/\/unnikarehabilitacion.es\/\",\"name\":\"Unnika Rehabilitaci\u00f3n\",\"description\":\"\",\"potentialAction\":[{\"@type\":\"SearchAction\",\"target\":{\"@type\":\"EntryPoint\",\"urlTemplate\":\"https:\/\/unnikarehabilitacion.es\/?s={search_term_string}\"},\"query-input\":{\"@type\":\"PropertyValueSpecification\",\"valueRequired\":true,\"valueName\":\"search_term_string\"}}],\"inLanguage\":\"es\"}]}<\/script>\n<!-- \/ Yoast SEO plugin. -->","yoast_head_json":{"title":"Pol\u00edtica de privacidad - Unnika Rehabilitaci\u00f3n","robots":{"index":"index","follow":"follow","max-snippet":"max-snippet:-1","max-image-preview":"max-image-preview:large","max-video-preview":"max-video-preview:-1"},"canonical":"https:\/\/unnikarehabilitacion.es\/?page_id=634","og_locale":"es_ES","og_type":"article","og_title":"Pol\u00edtica de privacidad - Unnika Rehabilitaci\u00f3n","og_description":"Pol\u00edtica de Privacidad La utilizaci\u00f3n de este sitio web, as\u00ed como de cualquiera de sus servicios, implica la lectura, comprensi\u00f3n y aceptaci\u00f3n de esta pol\u00edtica de privacidad por parte del usuario. En cumplimiento de lo dispuesto en el Reglamento Europeo de Protecci\u00f3n de Datos (RGPD), UNNIKA DESARROLLOS URBANOS, S.L. le informa de que en determinadas [&hellip;]","og_url":"https:\/\/unnikarehabilitacion.es\/?page_id=634","og_site_name":"Unnika Rehabilitaci\u00f3n","article_modified_time":"2025-07-10T07:48:26+00:00","og_image":[{"width":959,"height":959,"url":"https:\/\/unnikarehabilitacion.es\/wp-content\/uploads\/2025\/06\/Marca-2.png","type":"image\/png"}],"twitter_card":"summary_large_image","twitter_misc":{"Tiempo de lectura":"3 minutos"},"schema":{"@context":"https:\/\/schema.org","@graph":[{"@type":"WebPage","@id":"https:\/\/unnikarehabilitacion.es\/?page_id=634","url":"https:\/\/unnikarehabilitacion.es\/?page_id=634","name":"Pol\u00edtica de privacidad - Unnika Rehabilitaci\u00f3n","isPartOf":{"@id":"https:\/\/unnikarehabilitacion.es\/#website"},"primaryImageOfPage":{"@id":"https:\/\/unnikarehabilitacion.es\/?page_id=634#primaryimage"},"image":{"@id":"https:\/\/unnikarehabilitacion.es\/?page_id=634#primaryimage"},"thumbnailUrl":"https:\/\/unnikarehabilitacion.es\/wp-content\/uploads\/2025\/06\/Marca-2.png","datePublished":"2025-06-18T22:05:20+00:00","dateModified":"2025-07-10T07:48:26+00:00","breadcrumb":{"@id":"https:\/\/unnikarehabilitacion.es\/?page_id=634#breadcrumb"},"inLanguage":"es","potentialAction":[{"@type":"ReadAction","target":["https:\/\/unnikarehabilitacion.es\/?page_id=634"]}]},{"@type":"ImageObject","inLanguage":"es","@id":"https:\/\/unnikarehabilitacion.es\/?page_id=634#primaryimage","url":"https:\/\/unnikarehabilitacion.es\/wp-content\/uploads\/2025\/06\/Marca-2.png","contentUrl":"https:\/\/unnikarehabilitacion.es\/wp-content\/uploads\/2025\/06\/Marca-2.png","width":959,"height":959},{"@type":"BreadcrumbList","@id":"https:\/\/unnikarehabilitacion.es\/?page_id=634#breadcrumb","itemListElement":[{"@type":"ListItem","position":1,"name":"Portada","item":"https:\/\/unnikarehabilitacion.es\/"},{"@type":"ListItem","position":2,"name":"Pol\u00edtica de privacidad"}]},{"@type":"WebSite","@id":"https:\/\/unnikarehabilitacion.es\/#website","url":"https:\/\/unnikarehabilitacion.es\/","name":"Unnika Rehabilitaci\u00f3n","description":"","potentialAction":[{"@type":"SearchAction","target":{"@type":"EntryPoint","urlTemplate":"https:\/\/unnikarehabilitacion.es\/?s={search_term_string}"},"query-input":{"@type":"PropertyValueSpecification","valueRequired":true,"valueName":"search_term_string"}}],"inLanguage":"es"}]}},"_links":{"self":[{"href":"https:\/\/unnikarehabilitacion.es\/index.php?rest_route=\/wp\/v2\/pages\/634","targetHints":{"allow":["GET"]}}],"collection":[{"href":"https:\/\/unnikarehabilitacion.es\/index.php?rest_route=\/wp\/v2\/pages"}],"about":[{"href":"https:\/\/unnikarehabilitacion.es\/index.php?rest_route=\/wp\/v2\/types\/page"}],"author":[{"embeddable":true,"href":"https:\/\/unnikarehabilitacion.es\/index.php?rest_route=\/wp\/v2\/users\/1"}],"replies":[{"embeddable":true,"href":"https:\/\/unnikarehabilitacion.es\/index.php?rest_route=%2Fwp%2Fv2%2Fcomments&post=634"}],"version-history":[{"count":13,"href":"https:\/\/unnikarehabilitacion.es\/index.php?rest_route=\/wp\/v2\/pages\/634\/revisions"}],"predecessor-version":[{"id":1097,"href":"https:\/\/unnikarehabilitacion.es\/index.php?rest_route=\/wp\/v2\/pages\/634\/revisions\/1097"}],"wp:attachment":[{"href":"https:\/\/unnikarehabilitacion.es\/index.php?rest_route=%2Fwp%2Fv2%2Fmedia&parent=634"}],"curies":[{"name":"wp","href":"https:\/\/api.w.org\/{rel}","templated":true}]}}